{"id":54182,"date":"2023-12-11T13:26:37","date_gmt":"2023-12-11T11:26:37","guid":{"rendered":"https:\/\/astek.pl\/contact\/"},"modified":"2026-01-30T15:01:43","modified_gmt":"2026-01-30T13:01:43","slug":"contact","status":"publish","type":"page","link":"https:\/\/astek.pl\/en\/contact\/","title":{"rendered":"Contact"},"content":{"rendered":"<p>[et_pb_section fb_built=&#8221;1&#8243; _builder_version=&#8221;4.24.2&#8243; _module_preset=&#8221;default&#8221; custom_padding=&#8221;||0px||false|false&#8221; global_colors_info=&#8221;{}&#8221;][et_pb_row _builder_version=&#8221;4.24.3&#8243; _module_preset=&#8221;default&#8221; width_tablet=&#8221;&#8221; width_phone=&#8221;95%&#8221; width_last_edited=&#8221;on|phone&#8221; custom_padding=&#8221;||0px||false|false&#8221; global_colors_info=&#8221;{}&#8221;][et_pb_column type=&#8221;4_4&#8243; _builder_version=&#8221;4.23.3&#8243; _module_preset=&#8221;default&#8221; global_colors_info=&#8221;{}&#8221;][et_pb_code _builder_version=&#8221;4.23.3&#8243; _module_preset=&#8221;default&#8221; global_colors_info=&#8221;{}&#8221;]<span><span><a href=\"https:\/\/astek.pl\/en\/\">Home<\/a><\/span><\/span>[\/et_pb_code][et_pb_text _builder_version=&#8221;4.25.0&#8243; _module_preset=&#8221;default&#8221; header_font=&#8221;|700|||||||&#8221; header_text_align=&#8221;left&#8221; header_text_color=&#8221;#000000&#8243; header_font_size=&#8221;52px&#8221; custom_margin=&#8221;0px||20px||false|false&#8221; custom_margin_tablet=&#8221;0px||52px||false|false&#8221; custom_margin_phone=&#8221;0px||20px||false|false&#8221; custom_margin_last_edited=&#8221;on|phone&#8221; custom_padding=&#8221;||0px||false|false&#8221; header_font_size_tablet=&#8221;52px&#8221; header_font_size_phone=&#8221;42px&#8221; header_font_size_last_edited=&#8221;on|desktop&#8221; global_colors_info=&#8221;{}&#8221;]<\/p>\n<h1>Contact<\/h1>\n<p>[\/et_pb_text][\/et_pb_column][\/et_pb_row][\/et_pb_section][et_pb_section fb_built=&#8221;1&#8243; _builder_version=&#8221;4.25.0&#8243; _module_preset=&#8221;default&#8221; background_enable_color=&#8221;off&#8221; use_background_color_gradient=&#8221;on&#8221; background_color_gradient_stops=&#8221;#ffffff 50%|#009c42 50%&#8221; background_enable_image=&#8221;off&#8221; background_size=&#8221;initial&#8221; height_tablet=&#8221;&#8221; height_phone=&#8221;&#8221; height_last_edited=&#8221;on|desktop&#8221; custom_margin=&#8221;||-1px||false|false&#8221; custom_padding=&#8221;1px||0px||false|false&#8221; custom_css_main_element=&#8221;background-position: inherit;&#8221; border_color_top=&#8221;#FFFFFF&#8221; global_colors_info=&#8221;{}&#8221;][et_pb_row _builder_version=&#8221;4.24.3&#8243; _module_preset=&#8221;default&#8221; width_tablet=&#8221;95%&#8221; width_phone=&#8221;95%&#8221; width_last_edited=&#8221;on|tablet&#8221; custom_padding=&#8221;0px||0px||false|false&#8221; global_colors_info=&#8221;{}&#8221;][et_pb_column type=&#8221;4_4&#8243; _builder_version=&#8221;4.24.2&#8243; _module_preset=&#8221;default&#8221; global_colors_info=&#8221;{}&#8221;][et_pb_image src=&#8221;https:\/\/astek.pl\/wp-content\/uploads\/2024\/04\/Kontakt.jpg&#8221; title_text=&#8221;Contact&#8221; force_fullwidth=&#8221;on&#8221; _builder_version=&#8221;4.25.0&#8243; _module_preset=&#8221;default&#8221; custom_margin=&#8221;||10px||false|false&#8221; custom_padding=&#8221;20px||||false|false&#8221; border_radii=&#8221;on|15px|15px|15px|15px&#8221; global_colors_info=&#8221;{}&#8221;][\/et_pb_image][\/et_pb_column][\/et_pb_row][\/et_pb_section][et_pb_section fb_built=&#8221;1&#8243; _builder_version=&#8221;4.25.0&#8243; _module_preset=&#8221;default&#8221; background_color=&#8221;#009c42&#8243; custom_margin=&#8221;||50px||false|false&#8221; custom_padding=&#8221;48px||48px||true|false&#8221; global_colors_info=&#8221;{}&#8221;][et_pb_row column_structure=&#8221;1_2,1_2&#8243; _builder_version=&#8221;4.25.0&#8243; _module_preset=&#8221;default&#8221; custom_padding=&#8221;0px||0px||true|false&#8221; global_colors_info=&#8221;{}&#8221;][et_pb_column type=&#8221;1_2&#8243; _builder_version=&#8221;4.25.0&#8243; _module_preset=&#8221;default&#8221; global_colors_info=&#8221;{}&#8221;][et_pb_text _builder_version=&#8221;4.27.5&#8243; _module_preset=&#8221;default&#8221; text_text_color=&#8221;#FFFFFF&#8221; text_font_size=&#8221;18px&#8221; text_line_height=&#8221;24px&#8221; hover_enabled=&#8221;0&#8243; custom_css_free_form=&#8221;.font-weight{||      font-weight: 300;||}&#8221; global_colors_info=&#8221;{}&#8221; sticky_enabled=&#8221;0&#8243;]<\/p>\n<p><strong>Warszawa<\/strong><br \/><span class=\"font-weight\">Siedziba g\u0142\u00f3wna<\/span><br \/><span class=\"font-weight\">Al. Jana Paw\u0142a II 22<\/span><br \/><span class=\"font-weight\"><br \/>00-133 WarszawaTel: 48 22 290 57 85<\/span><br \/><span class=\"font-weight\">E-mail: biuro@astek.net<\/span><br \/><strong><\/strong><\/p>\n<p><strong>Pozna\u0144<br \/><\/strong><span class=\"font-weight\">ul. Abpa A. Baraniaka 88C bud. D<br \/><\/span><span class=\"font-weight\">61-131 Pozna\u0144<\/span><br \/><span class=\"font-weight\"><\/span><\/p>\n<p><span class=\"font-weight\">Tel: 48 61 307 13 15<\/span><br \/><span class=\"font-weight\">E-mail: biuro@astek.net<\/span><br \/><strong><\/strong><\/p>\n<p><strong>Gda\u0144sk<br \/><\/strong><span class=\"font-weight\">Al. Grunwaldzka 409<br \/><\/span><span class=\"font-weight\">80-309 Gda\u0144sk<br \/><\/span><\/p>\n<p><span class=\"font-weight\">Tel: 48 58 380 20 08<\/span><br \/><span class=\"font-weight\">E-mail: biuro@astek.net<\/span><\/p>\n<p>[\/et_pb_text][\/et_pb_column][et_pb_column type=&#8221;1_2&#8243; _builder_version=&#8221;4.25.0&#8243; _module_preset=&#8221;default&#8221; global_colors_info=&#8221;{}&#8221;][et_pb_text _builder_version=&#8221;4.27.5&#8243; _module_preset=&#8221;default&#8221; text_text_color=&#8221;#FFFFFF&#8221; text_font_size=&#8221;18px&#8221; text_line_height=&#8221;24px&#8221; hover_enabled=&#8221;0&#8243; global_colors_info=&#8221;{}&#8221; sticky_enabled=&#8221;0&#8243;]<strong>Krak\u00f3w<br \/>\n<\/strong><span class=\"font-weight\">ul. Ludwinowska 7\/1<\/span><br \/>\n<span class=\"font-weight\">30-331 Krak\u00f3w<\/span><\/p>\n<p><span class=\"font-weight\">Tel: 48 12 307 08 71<br \/>\nE-mail: biuro@astek.net<\/span><br \/>\n<strong><\/strong><\/p>\n<p><strong>Wroc\u0142aw<br \/>\n<\/strong><span class=\"font-weight\">ul. Komandorska 12<\/span><br \/>\n<span class=\"font-weight\">50-022 Wroc\u0142aw<\/span><\/p>\n<p><span class=\"font-weight\">Tel: 48 71 300 14 86<br \/>\nE-mail: biuro-PL@astek.net<\/span>[\/et_pb_text][\/et_pb_column][\/et_pb_row][\/et_pb_section]<\/p>\n","protected":false},"excerpt":{"rendered":"<p><span><span><a href=\"https:\/\/astek.pl\/en\/\">Home<\/a><\/span><\/span>ContactWarszawaSiedziba g\u0142\u00f3wnaAl. Jana Paw\u0142a II 2200-133 WarszawaTel: 48 22 290 57 85E-mail: biuro@astek.net Pozna\u0144ul. Abpa A. Baraniaka 88C bud. D61-131 Pozna\u0144 Tel: 48 61 307 13 15E-mail: biuro@astek.net Gda\u0144skAl. Grunwaldzka 40980-309 Gda\u0144sk Tel: 48 58 380 20 08E-mail: biuro@astek.netKrak\u00f3w ul. Ludwinowska 7\/1 30-331 Krak\u00f3w Tel: 48 12 307 08 71 E-mail: biuro@astek.net Wroc\u0142aw ul. Komandorska [&hellip;]<\/p>\n","protected":false},"author":21,"featured_media":0,"parent":0,"menu_order":0,"comment_status":"closed","ping_status":"closed","template":"","meta":{"_et_pb_use_builder":"on","_et_pb_old_content":"","_et_gb_content_width":"","inline_featured_image":false,"footnotes":""},"class_list":["post-54182","page","type-page","status-publish","hentry"],"yoast_head":"<!-- This site is optimized with the Yoast SEO plugin v27.4 - https:\/\/yoast.com\/product\/yoast-seo-wordpress\/ -->\n<title>Contact - Astek in Poland<\/title>\n<meta name=\"robots\" content=\"index, follow, max-snippet:-1, max-image-preview:large, max-video-preview:-1\" \/>\n<link rel=\"canonical\" href=\"https:\/\/astek.pl\/kontakt\/\" \/>\n<meta property=\"og:locale\" content=\"en_US\" \/>\n<meta property=\"og:type\" content=\"article\" \/>\n<meta property=\"og:title\" content=\"Contact - Astek in Poland\" \/>\n<meta property=\"og:description\" content=\"ContactWarszawaSiedziba g\u0142\u00f3wnaAl. Jana Paw\u0142a II 2200-133 WarszawaTel: 48 22 290 57 85E-mail: biuro@astek.net Pozna\u0144ul. Abpa A. Baraniaka 88C bud. D61-131 Pozna\u0144 Tel: 48 61 307 13 15E-mail: biuro@astek.net Gda\u0144skAl. Grunwaldzka 40980-309 Gda\u0144sk Tel: 48 58 380 20 08E-mail: biuro@astek.netKrak\u00f3w ul. Ludwinowska 7\/1 30-331 Krak\u00f3w Tel: 48 12 307 08 71 E-mail: biuro@astek.net Wroc\u0142aw ul. Komandorska [&hellip;]\" \/>\n<meta property=\"og:url\" content=\"https:\/\/astek.pl\/kontakt\/\" \/>\n<meta property=\"og:site_name\" content=\"Astek in Poland\" \/>\n<meta property=\"article:modified_time\" content=\"2026-01-30T13:01:43+00:00\" \/>\n<meta property=\"og:image\" content=\"https:\/\/astek.pl\/wp-content\/uploads\/2025\/02\/cropped-faviconV2.png\" \/>\n\t<meta property=\"og:image:width\" content=\"512\" \/>\n\t<meta property=\"og:image:height\" content=\"512\" \/>\n\t<meta property=\"og:image:type\" content=\"image\/png\" \/>\n<meta name=\"twitter:card\" content=\"summary_large_image\" \/>\n<meta name=\"twitter:label1\" content=\"Est. reading time\" \/>\n\t<meta name=\"twitter:data1\" content=\"3 minutes\" \/>\n<script type=\"application\/ld+json\" class=\"yoast-schema-graph\">{\"@context\":\"https:\\\/\\\/schema.org\",\"@graph\":[{\"@type\":\"WebPage\",\"@id\":\"https:\\\/\\\/astek.pl\\\/kontakt\\\/\",\"url\":\"https:\\\/\\\/astek.pl\\\/kontakt\\\/\",\"name\":\"Contact - Astek in Poland\",\"isPartOf\":{\"@id\":\"https:\\\/\\\/astek.pl\\\/#website\"},\"datePublished\":\"2023-12-11T11:26:37+00:00\",\"dateModified\":\"2026-01-30T13:01:43+00:00\",\"breadcrumb\":{\"@id\":\"https:\\\/\\\/astek.pl\\\/kontakt\\\/#breadcrumb\"},\"inLanguage\":\"en-US\",\"potentialAction\":[{\"@type\":\"ReadAction\",\"target\":[\"https:\\\/\\\/astek.pl\\\/kontakt\\\/\"]}]},{\"@type\":\"BreadcrumbList\",\"@id\":\"https:\\\/\\\/astek.pl\\\/kontakt\\\/#breadcrumb\",\"itemListElement\":[{\"@type\":\"ListItem\",\"position\":1,\"name\":\"Home\",\"item\":\"https:\\\/\\\/astek.pl\\\/en\\\/\"},{\"@type\":\"ListItem\",\"position\":2,\"name\":\"Contact\"}]},{\"@type\":\"WebSite\",\"@id\":\"https:\\\/\\\/astek.pl\\\/#website\",\"url\":\"https:\\\/\\\/astek.pl\\\/\",\"name\":\"Astek Poland\",\"description\":\"Astek in Poland\",\"publisher\":{\"@id\":\"https:\\\/\\\/astek.pl\\\/#organization\"},\"potentialAction\":[{\"@type\":\"SearchAction\",\"target\":{\"@type\":\"EntryPoint\",\"urlTemplate\":\"https:\\\/\\\/astek.pl\\\/?s={search_term_string}\"},\"query-input\":{\"@type\":\"PropertyValueSpecification\",\"valueRequired\":true,\"valueName\":\"search_term_string\"}}],\"inLanguage\":\"en-US\"},{\"@type\":\"Organization\",\"@id\":\"https:\\\/\\\/astek.pl\\\/#organization\",\"name\":\"Astek Poland\",\"alternateName\":\"Astek\",\"url\":\"https:\\\/\\\/astek.pl\\\/\",\"logo\":{\"@type\":\"ImageObject\",\"inLanguage\":\"en-US\",\"@id\":\"https:\\\/\\\/astek.pl\\\/#\\\/schema\\\/logo\\\/image\\\/\",\"url\":\"https:\\\/\\\/astek.pl\\\/wp-content\\\/uploads\\\/2025\\\/02\\\/cropped-faviconV2.png\",\"contentUrl\":\"https:\\\/\\\/astek.pl\\\/wp-content\\\/uploads\\\/2025\\\/02\\\/cropped-faviconV2.png\",\"width\":512,\"height\":512,\"caption\":\"Astek Poland\"},\"image\":{\"@id\":\"https:\\\/\\\/astek.pl\\\/#\\\/schema\\\/logo\\\/image\\\/\"}}]}<\/script>\n<!-- \/ Yoast SEO plugin. -->","yoast_head_json":{"title":"Contact - Astek in Poland","robots":{"index":"index","follow":"follow","max-snippet":"max-snippet:-1","max-image-preview":"max-image-preview:large","max-video-preview":"max-video-preview:-1"},"canonical":"https:\/\/astek.pl\/kontakt\/","og_locale":"en_US","og_type":"article","og_title":"Contact - Astek in Poland","og_description":"ContactWarszawaSiedziba g\u0142\u00f3wnaAl. Jana Paw\u0142a II 2200-133 WarszawaTel: 48 22 290 57 85E-mail: biuro@astek.net Pozna\u0144ul. Abpa A. Baraniaka 88C bud. D61-131 Pozna\u0144 Tel: 48 61 307 13 15E-mail: biuro@astek.net Gda\u0144skAl. Grunwaldzka 40980-309 Gda\u0144sk Tel: 48 58 380 20 08E-mail: biuro@astek.netKrak\u00f3w ul. Ludwinowska 7\/1 30-331 Krak\u00f3w Tel: 48 12 307 08 71 E-mail: biuro@astek.net Wroc\u0142aw ul. Komandorska [&hellip;]","og_url":"https:\/\/astek.pl\/kontakt\/","og_site_name":"Astek in Poland","article_modified_time":"2026-01-30T13:01:43+00:00","og_image":[{"width":512,"height":512,"url":"https:\/\/astek.pl\/wp-content\/uploads\/2025\/02\/cropped-faviconV2.png","type":"image\/png"}],"twitter_card":"summary_large_image","twitter_misc":{"Est. reading time":"3 minutes"},"schema":{"@context":"https:\/\/schema.org","@graph":[{"@type":"WebPage","@id":"https:\/\/astek.pl\/kontakt\/","url":"https:\/\/astek.pl\/kontakt\/","name":"Contact - Astek in Poland","isPartOf":{"@id":"https:\/\/astek.pl\/#website"},"datePublished":"2023-12-11T11:26:37+00:00","dateModified":"2026-01-30T13:01:43+00:00","breadcrumb":{"@id":"https:\/\/astek.pl\/kontakt\/#breadcrumb"},"inLanguage":"en-US","potentialAction":[{"@type":"ReadAction","target":["https:\/\/astek.pl\/kontakt\/"]}]},{"@type":"BreadcrumbList","@id":"https:\/\/astek.pl\/kontakt\/#breadcrumb","itemListElement":[{"@type":"ListItem","position":1,"name":"Home","item":"https:\/\/astek.pl\/en\/"},{"@type":"ListItem","position":2,"name":"Contact"}]},{"@type":"WebSite","@id":"https:\/\/astek.pl\/#website","url":"https:\/\/astek.pl\/","name":"Astek Poland","description":"Astek in Poland","publisher":{"@id":"https:\/\/astek.pl\/#organization"},"potentialAction":[{"@type":"SearchAction","target":{"@type":"EntryPoint","urlTemplate":"https:\/\/astek.pl\/?s={search_term_string}"},"query-input":{"@type":"PropertyValueSpecification","valueRequired":true,"valueName":"search_term_string"}}],"inLanguage":"en-US"},{"@type":"Organization","@id":"https:\/\/astek.pl\/#organization","name":"Astek Poland","alternateName":"Astek","url":"https:\/\/astek.pl\/","logo":{"@type":"ImageObject","inLanguage":"en-US","@id":"https:\/\/astek.pl\/#\/schema\/logo\/image\/","url":"https:\/\/astek.pl\/wp-content\/uploads\/2025\/02\/cropped-faviconV2.png","contentUrl":"https:\/\/astek.pl\/wp-content\/uploads\/2025\/02\/cropped-faviconV2.png","width":512,"height":512,"caption":"Astek Poland"},"image":{"@id":"https:\/\/astek.pl\/#\/schema\/logo\/image\/"}}]}},"_links":{"self":[{"href":"https:\/\/astek.pl\/en\/wp-json\/wp\/v2\/pages\/54182","targetHints":{"allow":["GET"]}}],"collection":[{"href":"https:\/\/astek.pl\/en\/wp-json\/wp\/v2\/pages"}],"about":[{"href":"https:\/\/astek.pl\/en\/wp-json\/wp\/v2\/types\/page"}],"author":[{"embeddable":true,"href":"https:\/\/astek.pl\/en\/wp-json\/wp\/v2\/users\/21"}],"replies":[{"embeddable":true,"href":"https:\/\/astek.pl\/en\/wp-json\/wp\/v2\/comments?post=54182"}],"version-history":[{"count":0,"href":"https:\/\/astek.pl\/en\/wp-json\/wp\/v2\/pages\/54182\/revisions"}],"wp:attachment":[{"href":"https:\/\/astek.pl\/en\/wp-json\/wp\/v2\/media?parent=54182"}],"curies":[{"name":"wp","href":"https:\/\/api.w.org\/{rel}","templated":true}]}}